{"id":628,"date":"2009-05-06T11:43:24","date_gmt":"2009-05-06T16:43:24","guid":{"rendered":"http:\/\/wpzoom.com\/zenko\/demo\/?page_id=3"},"modified":"2026-02-13T20:17:13","modified_gmt":"2026-02-13T20:17:13","slug":"contact","status":"publish","type":"page","link":"https:\/\/whiterabbitds.com\/index.php\/contact\/","title":{"rendered":"Contact"},"content":{"rendered":"\t\t<div data-elementor-type=\"wp-page\" data-elementor-id=\"628\" class=\"elementor elementor-628\">\n\t\t\t\t\t\t<section class=\"elementor-section elementor-top-section elementor-element elementor-element-e9a6140 elementor-section-boxed elementor-section-height-default elementor-section-height-default\" data-id=\"e9a6140\" data-element_type=\"section\">\n\t\t\t\t\t\t<div class=\"elementor-container elementor-column-gap-default\">\n\t\t\t\t\t\t<\/div>\n\t\t<\/section>\n\t\t\t\t<section class=\"elementor-section elementor-top-section elementor-element elementor-element-597b8389 elementor-section-boxed elementor-section-height-default elementor-section-height-default\" data-id=\"597b8389\" data-element_type=\"section\">\n\t\t\t\t\t\t<div class=\"elementor-container elementor-column-gap-wider\">\n\t\t\t\t\t<div class=\"elementor-column elementor-col-50 elementor-top-column elementor-element elementor-element-9fda0ef\" data-id=\"9fda0ef\" data-element_type=\"column\">\n\t\t\t<div class=\"elementor-widget-wrap elementor-element-populated\">\n\t\t\t\t\t\t<div class=\"elementor-element elementor-element-2ea923a7 elementor-widget elementor-widget-google_maps\" data-id=\"2ea923a7\" data-element_type=\"widget\" data-widget_type=\"google_maps.default\">\n\t\t\t\t\t\t\t<div class=\"elementor-custom-embed\">\n\t\t\t<iframe loading=\"lazy\"\n\t\t\t\t\tsrc=\"https:\/\/maps.google.com\/maps?q=Priv.%20del%20Calcio%20403%2C%20Colinas%20de%20Plata%2C%2042186%20Colinas%20de%20Plata%2C%20Hgo.&#038;t=m&#038;z=15&#038;output=embed&#038;iwloc=near\"\n\t\t\t\t\ttitle=\"Priv. del Calcio 403, Colinas de Plata, 42186 Colinas de Plata, Hgo.\"\n\t\t\t\t\taria-label=\"Priv. del Calcio 403, Colinas de Plata, 42186 Colinas de Plata, Hgo.\"\n\t\t\t><\/iframe>\n\t\t<\/div>\n\t\t\t\t\t\t<\/div>\n\t\t\t\t<section class=\"elementor-section elementor-inner-section elementor-element elementor-element-481bfb11 elementor-section-boxed elementor-section-height-default elementor-section-height-default\" data-id=\"481bfb11\" data-element_type=\"section\">\n\t\t\t\t\t\t<div class=\"elementor-container elementor-column-gap-no\">\n\t\t\t\t\t<div class=\"elementor-column elementor-col-50 elementor-inner-column elementor-element elementor-element-6b3e170\" data-id=\"6b3e170\" data-element_type=\"column\">\n\t\t\t<div class=\"elementor-widget-wrap elementor-element-populated\">\n\t\t\t\t\t\t<div class=\"elementor-element elementor-element-5d846e0 elementor-widget elementor-widget-text-editor\" data-id=\"5d846e0\" data-element_type=\"widget\" data-widget_type=\"text-editor.default\">\n\t\t\t\t\t\t\t\t\t<h4>Direcci\u00f3n<\/h4><p>Colinas de plata #403, Mineral de la Reforma, Hgo.<\/p>\t\t\t\t\t\t\t\t<\/div>\n\t\t\t\t\t<\/div>\n\t\t<\/div>\n\t\t\t\t<div class=\"elementor-column elementor-col-50 elementor-inner-column elementor-element elementor-element-6d78bc32\" data-id=\"6d78bc32\" data-element_type=\"column\">\n\t\t\t<div class=\"elementor-widget-wrap elementor-element-populated\">\n\t\t\t\t\t\t<div class=\"elementor-element elementor-element-8f318a elementor-widget elementor-widget-text-editor\" data-id=\"8f318a\" data-element_type=\"widget\" data-widget_type=\"text-editor.default\">\n\t\t\t\t\t\t\t\t\t<h4>Correo<\/h4><p><a href=\"mailto:hola.comunicacion@whiterabbitds.com\">hola.comunicacion@whiterabbitds.com<\/a><\/p>\t\t\t\t\t\t\t\t<\/div>\n\t\t\t\t\t<\/div>\n\t\t<\/div>\n\t\t\t\t\t<\/div>\n\t\t<\/section>\n\t\t\t\t<div class=\"elementor-element elementor-element-4d83e681 elementor-widget elementor-widget-text-editor\" data-id=\"4d83e681\" data-element_type=\"widget\" data-widget_type=\"text-editor.default\">\n\t\t\t\t\t\t\t\t\t<h4 style=\"text-align: center;\">S\u00edguenos y cont\u00e1ctanos<\/h4>\t\t\t\t\t\t\t\t<\/div>\n\t\t\t\t<div class=\"elementor-element elementor-element-4d7e2f56 elementor-icon-list--layout-inline elementor-align-center elementor-list-item-link-full_width elementor-widget elementor-widget-icon-list\" data-id=\"4d7e2f56\" data-element_type=\"widget\" data-widget_type=\"icon-list.default\">\n\t\t\t\t\t\t\t<ul class=\"elementor-icon-list-items elementor-inline-items\">\n\t\t\t\t\t\t\t<li class=\"elementor-icon-list-item elementor-inline-item\">\n\t\t\t\t\t\t\t\t\t\t\t<a href=\"https:\/\/www.instagram.com\/whiterabbit.ds\/\">\n\n\t\t\t\t\t\t\t\t\t\t\t\t<span class=\"elementor-icon-list-icon\">\n\t\t\t\t\t\t\t<svg aria-hidden=\"true\" class=\"e-font-icon-svg e-fab-instagram\" viewBox=\"0 0 448 512\" xmlns=\"http:\/\/www.w3.org\/2000\/svg\"><path d=\"M224.1 141c-63.6 0-114.9 51.3-114.9 114.9s51.3 114.9 114.9 114.9S339 319.5 339 255.9 287.7 141 224.1 141zm0 189.6c-41.1 0-74.7-33.5-74.7-74.7s33.5-74.7 74.7-74.7 74.7 33.5 74.7 74.7-33.6 74.7-74.7 74.7zm146.4-194.3c0 14.9-12 26.8-26.8 26.8-14.9 0-26.8-12-26.8-26.8s12-26.8 26.8-26.8 26.8 12 26.8 26.8zm76.1 27.2c-1.7-35.9-9.9-67.7-36.2-93.9-26.2-26.2-58-34.4-93.9-36.2-37-2.1-147.9-2.1-184.9 0-35.8 1.7-67.6 9.9-93.9 36.1s-34.4 58-36.2 93.9c-2.1 37-2.1 147.9 0 184.9 1.7 35.9 9.9 67.7 36.2 93.9s58 34.4 93.9 36.2c37 2.1 147.9 2.1 184.9 0 35.9-1.7 67.7-9.9 93.9-36.2 26.2-26.2 34.4-58 36.2-93.9 2.1-37 2.1-147.8 0-184.8zM398.8 388c-7.8 19.6-22.9 34.7-42.6 42.6-29.5 11.7-99.5 9-132.1 9s-102.7 2.6-132.1-9c-19.6-7.8-34.7-22.9-42.6-42.6-11.7-29.5-9-99.5-9-132.1s-2.6-102.7 9-132.1c7.8-19.6 22.9-34.7 42.6-42.6 29.5-11.7 99.5-9 132.1-9s102.7-2.6 132.1 9c19.6 7.8 34.7 22.9 42.6 42.6 11.7 29.5 9 99.5 9 132.1s2.7 102.7-9 132.1z\"><\/path><\/svg>\t\t\t\t\t\t<\/span>\n\t\t\t\t\t\t\t\t\t\t<span class=\"elementor-icon-list-text\"><\/span>\n\t\t\t\t\t\t\t\t\t\t\t<\/a>\n\t\t\t\t\t\t\t\t\t<\/li>\n\t\t\t\t\t\t\t\t<li class=\"elementor-icon-list-item elementor-inline-item\">\n\t\t\t\t\t\t\t\t\t\t\t<a href=\"https:\/\/wa.me\/5217711225919?text=Hola%20quiero%20m\u00e1s%20informaci\u00f3n\">\n\n\t\t\t\t\t\t\t\t\t\t\t\t<span class=\"elementor-icon-list-icon\">\n\t\t\t\t\t\t\t<svg aria-hidden=\"true\" class=\"e-font-icon-svg e-fab-whatsapp\" viewBox=\"0 0 448 512\" xmlns=\"http:\/\/www.w3.org\/2000\/svg\"><path d=\"M380.9 97.1C339 55.1 283.2 32 223.9 32c-122.4 0-222 99.6-222 222 0 39.1 10.2 77.3 29.6 111L0 480l117.7-30.9c32.4 17.7 68.9 27 106.1 27h.1c122.3 0 224.1-99.6 224.1-222 0-59.3-25.2-115-67.1-157zm-157 341.6c-33.2 0-65.7-8.9-94-25.7l-6.7-4-69.8 18.3L72 359.2l-4.4-7c-18.5-29.4-28.2-63.3-28.2-98.2 0-101.7 82.8-184.5 184.6-184.5 49.3 0 95.6 19.2 130.4 54.1 34.8 34.9 56.2 81.2 56.1 130.5 0 101.8-84.9 184.6-186.6 184.6zm101.2-138.2c-5.5-2.8-32.8-16.2-37.9-18-5.1-1.9-8.8-2.8-12.5 2.8-3.7 5.6-14.3 18-17.6 21.8-3.2 3.7-6.5 4.2-12 1.4-32.6-16.3-54-29.1-75.5-66-5.7-9.8 5.7-9.1 16.3-30.3 1.8-3.7.9-6.9-.5-9.7-1.4-2.8-12.5-30.1-17.1-41.2-4.5-10.8-9.1-9.3-12.5-9.5-3.2-.2-6.9-.2-10.6-.2-3.7 0-9.7 1.4-14.8 6.9-5.1 5.6-19.4 19-19.4 46.3 0 27.3 19.9 53.7 22.6 57.4 2.8 3.7 39.1 59.7 94.8 83.8 35.2 15.2 49 16.5 66.6 13.9 10.7-1.6 32.8-13.4 37.4-26.4 4.6-13 4.6-24.1 3.2-26.4-1.3-2.5-5-3.9-10.5-6.6z\"><\/path><\/svg>\t\t\t\t\t\t<\/span>\n\t\t\t\t\t\t\t\t\t\t<span class=\"elementor-icon-list-text\"><\/span>\n\t\t\t\t\t\t\t\t\t\t\t<\/a>\n\t\t\t\t\t\t\t\t\t<\/li>\n\t\t\t\t\t\t<\/ul>\n\t\t\t\t\t\t<\/div>\n\t\t\t\t\t<\/div>\n\t\t<\/div>\n\t\t\t\t<div class=\"elementor-column elementor-col-50 elementor-top-column elementor-element elementor-element-24c75318\" data-id=\"24c75318\" data-element_type=\"column\">\n\t\t\t<div class=\"elementor-widget-wrap elementor-element-populated\">\n\t\t\t\t\t\t<div class=\"elementor-element elementor-element-25c4d9f2 elementor-widget elementor-widget-heading\" data-id=\"25c4d9f2\" data-element_type=\"widget\" data-widget_type=\"heading.default\">\n\t\t\t\t\t<h2 class=\"elementor-heading-title elementor-size-default\">\u00bfC\u00f3mo podemos ayudarte?<\/h2>\t\t\t\t<\/div>\n\t\t\t\t<div class=\"elementor-element elementor-element-ee1bb0f elementor-widget elementor-widget-wpzoom-forms-widget-cpt\" data-id=\"ee1bb0f\" data-element_type=\"widget\" data-widget_type=\"wpzoom-forms-widget-cpt.default\">\n\t\t\t\t<div class=\"elementor-widget-container\">\n\t\t\t\t\t<style>#wpzf-35 + .notice { margin-top: 20px; padding: 15px; border-radius: 4px; }#wpzf-35 + .notice.success { background-color: #e7f7ed; color: #227045; border-left: 4px solid #46b450; }#wpzf-35 + .notice.error { background-color: #fde8e8; color: #8a1f11; border-left: 4px solid #cc0000; }#wpzf-35 + .notice p { margin: 0; }<\/style><!-- ZOOM Forms Start -->\n\t\t\t<form id=\"wpzf-35\" method=\"post\" action=\"https:\/\/whiterabbitds.com\/wp-admin\/admin-post.php\" class=\"wpzoom-forms_form\">\n\t\t\t<input type=\"hidden\" name=\"action\" value=\"wpzf_submit\" \/>\n\t\t\t<input type=\"hidden\" name=\"form_id\" value=\"35\" \/>\n\t\t\t<input type=\"hidden\" id=\"_wpnonce\" name=\"_wpnonce\" value=\"12fe4ceb12\" \/><input type=\"hidden\" name=\"_wp_http_referer\" value=\"\/index.php\/wp-json\/wp\/v2\/pages\/628\" \/>\n\t\t\t\n<div class=\"wp-block-wpzoom-forms-form\">\n<label for=\"input_ae87379b\"><span>Name<\/span><sup class=\"wp-block-wpzoom-forms-required\">*<\/sup><\/label><input type=\"text\" name=\"wpzf_input_ae87379b\" id=\"input_ae87379b\" placeholder=\"\" required class=\"wp-block-wpzoom-forms-text-name-field is-style-classic\"\/>\n\n\n\n<label for=\"input_8468ae36\"><span>Email<\/span><sup class=\"wp-block-wpzoom-forms-required\">*<\/sup><\/label><input type=\"email\" name=\"wpzf_input_8468ae36\" id=\"input_8468ae36\" placeholder=\"\" required data-replyto=\"false\" class=\"wp-block-wpzoom-forms-text-email-field\"\/>\n\n\n\n<label for=\"input_85d61063\"><span>Subject<\/span><sup class=\"wp-block-wpzoom-forms-required\">*<\/sup><\/label><input type=\"text\" name=\"wpzf_input_85d61063\" id=\"input_85d61063\" placeholder=\"\" required data-subject=\"true\" class=\"wp-block-wpzoom-forms-text-plain-field\"\/>\n\n\n\n<label for=\"input_d8cf917c\"><span>Message<\/span><\/label><textarea name=\"wpzf_input_d8cf917c\" id=\"input_d8cf917c\" cols=\"55\" rows=\"10\" placeholder=\"\" class=\"wp-block-wpzoom-forms-textarea-field\"><\/textarea>\n\n\n\n<div class=\"wp-block-columns are-vertically-aligned-center\">\n<div class=\"wp-block-column is-vertically-aligned-center\" style=\"flex-basis:30%\">\n<input type=\"submit\" id=\"input_submit\" value=\"Submit\" class=\"wp-block-wpzoom-forms-submit-field\"\/>\n<\/div>\n\n\n\n<div class=\"wp-block-column is-vertically-aligned-center\" style=\"flex-basis:70%\">\n<p class=\"has-text-align-right\" style=\"font-size:16px\">Campos marcados con <strong class=\"has-accent-color has-text-color\">*<\/strong> son requeridos.<\/p>\n<\/div>\n<\/div>\n<\/div>\n\n\n\n<p><\/p>\n\n\t\t\t<input type=\"hidden\" name=\"wpzf_subject\" value=\"wpzf_input_85d61063\" \/><\/form>\n\t\t\t\n\t\t\t<!-- ZOOM Forms End -->\t\t\t\t<\/div>\n\t\t\t\t<\/div>\n\t\t\t\t\t<\/div>\n\t\t<\/div>\n\t\t\t\t\t<\/div>\n\t\t<\/section>\n\t\t\t\t<\/div>\n\t\t","protected":false},"excerpt":{"rendered":"<p>Direcci\u00f3n Colinas de plata #403, Mineral de la Reforma, Hgo. Correo hola.comunicacion@whiterabbitds.com S\u00edguenos y cont\u00e1ctanos \u00bfC\u00f3mo podemos ayudarte?<\/p>\n","protected":false},"author":1,"featured_media":0,"parent":0,"menu_order":0,"comment_status":"closed","ping_status":"closed","template":"page-templates\/no-title.php","meta":{"footnotes":""},"class_list":["post-628","page","type-page","status-publish","hentry"],"featured_media_urls":[],"_links":{"self":[{"href":"https:\/\/whiterabbitds.com\/index.php\/wp-json\/wp\/v2\/pages\/628","targetHints":{"allow":["GET"]}}],"collection":[{"href":"https:\/\/whiterabbitds.com\/index.php\/wp-json\/wp\/v2\/pages"}],"about":[{"href":"https:\/\/whiterabbitds.com\/index.php\/wp-json\/wp\/v2\/types\/page"}],"author":[{"embeddable":true,"href":"https:\/\/whiterabbitds.com\/index.php\/wp-json\/wp\/v2\/users\/1"}],"replies":[{"embeddable":true,"href":"https:\/\/whiterabbitds.com\/index.php\/wp-json\/wp\/v2\/comments?post=628"}],"version-history":[{"count":18,"href":"https:\/\/whiterabbitds.com\/index.php\/wp-json\/wp\/v2\/pages\/628\/revisions"}],"predecessor-version":[{"id":7607,"href":"https:\/\/whiterabbitds.com\/index.php\/wp-json\/wp\/v2\/pages\/628\/revisions\/7607"}],"wp:attachment":[{"href":"https:\/\/whiterabbitds.com\/index.php\/wp-json\/wp\/v2\/media?parent=628"}],"curies":[{"name":"wp","href":"https:\/\/api.w.org\/{rel}","templated":true}]}}